{"id":14556,"date":"2025-01-08T15:32:18","date_gmt":"2025-01-08T15:32:18","guid":{"rendered":"https:\/\/cwic.wales\/?page_id=14556"},"modified":"2025-05-16T15:07:13","modified_gmt":"2025-05-16T15:07:13","slug":"renewable-heat-and-mechanical-ventilation","status":"publish","type":"page","link":"https:\/\/cwic.wales\/cy\/renewable-heat-and-mechanical-ventilation\/","title":{"rendered":"Gwres adnewyddadwy ac awyru mecanyddol"},"content":{"rendered":"<div class=\"wpb-content-wrapper\"><div class=\"vc_row wpb_row vc_row-fluid\"><div class=\"wpb_column vc_column_container vc_col-sm-12\"><div class=\"vc_column-inner\"><div class=\"wpb_wrapper\"><div class=\"vc_message_box vc_message_box-standard vc_message_box-rounded vc_color-black vc_custom_1739549429631 vc_do_message\" ><div class=\"vc_message_box-icon\"><i class=\"fa fa-solid fa-circle-info\"><\/i><\/div><p>Sessions can be arranged on Thursdays.<\/p>\n<\/div>\n\t<div class=\"wpb_text_column wpb_content_element\" >\n\t\t<div class=\"wpb_wrapper\">\n\t\t\t<h4><img loading=\"lazy\" decoding=\"async\" class=\"size-medium wp-image-14634 alignright\" src=\"https:\/\/cwic.wales\/wp-content\/uploads\/2025\/02\/NBAU-Icons-for-Bakery-CYM-0674.png\" alt=\"\" width=\"300\" height=\"300\" srcset=\"https:\/\/cwic.wales\/wp-content\/uploads\/2025\/02\/NBAU-Icons-for-Bakery-CYM-0674.png 1182w, https:\/\/cwic.wales\/wp-content\/uploads\/2025\/02\/NBAU-Icons-for-Bakery-CYM-0674-300x300.png 300w, https:\/\/cwic.wales\/wp-content\/uploads\/2025\/02\/NBAU-Icons-for-Bakery-CYM-0674-1024x1024.png 1024w, https:\/\/cwic.wales\/wp-content\/uploads\/2025\/02\/NBAU-Icons-for-Bakery-CYM-0674-150x150.png 150w, https:\/\/cwic.wales\/wp-content\/uploads\/2025\/02\/NBAU-Icons-for-Bakery-CYM-0674-768x768.png 768w, https:\/\/cwic.wales\/wp-content\/uploads\/2025\/02\/NBAU-Icons-for-Bakery-CYM-0674-12x12.png 12w\" sizes=\"auto, (max-width: 300px) 100vw, 300px\" \/>Y Manylion<\/h4>\n<p>Bydd y dysgwyr yn cael eu cyflwyno i'r cysyniad o dechnoleg adnewyddadwy, a'r ystyriaethau sy'n gysylltiedig \u00e2'i gweithredu yn y byd modern.<\/p>\n<p>Bydd prif ffocws y sesiwn ar Awyru Mecanyddol gyda System Adfer Gwres (MVHR), system sy'n cylchredeg aer ffres wedi'i hidlo i mewn i adeilad gan arbed ynni, a'i phwysigrwydd ar gyfer y dyfodol. Bydd y dysgwyr yn trafod ansawdd aer mewnol, a bydd cyfle iddynt adeiladu eu huned MVHR eu hunain.<\/p>\n<p>Bydd ystyried y mathau gwahanol o bwmp gwres sydd ar gael yn rhan o'r drafodaeth.<\/p>\n<p>Bydd y sesiwn hefyd yn cyffwrdd ar y cemegion sy\u2019n cael eu defnyddio mewn technoleg fel rhan o\u2019r system MVHR, h.y. protocolau Nwyon T\u0177 Gwydr (GHG) a'r offer sydd ar gael i gyfrifo allyriadau nwyon t\u0177 gwydr; yn ogystal \u00e2 lefel yr oerydd sydd wedi'i gynnwys mewn pympiau gwres o'r aer, ac ati.<\/p>\n<p>Arweinir y sesiwn hon gan Ian Brown, Uwch-ddarlithydd, Yr Ysgol Pensaern\u00efaeth, Adeiladu a'r Amgylchedd.<\/p>\n<h4><strong>Amcanion Dysgu<\/strong><\/h4>\n<p>Bydd y modiwl yn cyflwyno ac yn diffinio termau allweddol megis:<\/p>\n<ul class=\"wp-block-list\">\n<li style=\"list-style-type: none;\">\n<ul class=\"wp-block-list\">\n<li>Technoleg adnewyddadwy<\/li>\n<li>Awyru Mecanyddol gyda System Adfer Gwres (MVHR)<\/li>\n<li>Ansawdd aer mewnol<\/li>\n<li>Pympiau gwres<\/li>\n<li>Nwyon t\u0177 gwydr<\/li>\n<\/ul>\n<\/li>\n<\/ul>\n<div style=\"width: 640px;\" class=\"wp-video\"><video class=\"wp-video-shortcode\" id=\"video-14556-1\" width=\"640\" height=\"360\" preload=\"metadata\" controls=\"controls\"><source type=\"video\/mp4\" src=\"https:\/\/cwic.wales\/wp-content\/uploads\/2025\/05\/Ian-Brown-04.mp4?_=1\" \/><a href=\"https:\/\/cwic.wales\/wp-content\/uploads\/2025\/05\/Ian-Brown-04.mp4\">https:\/\/cwic.wales\/wp-content\/uploads\/2025\/05\/Ian-Brown-04.mp4<\/a><\/video><\/div>\n<h4>Gwybodaeth am Ian<\/h4>\n<p>Mae\u2019r darlithydd adeiladu Ian Brown yn arbenigwr ar adeiladu cynaliadwy ac yn rheolwr prosiectau sydd \u00e2 mwy na 25 mlynedd o brofiad yn y diwydiant adeiladu. Mae ganddo lygad craff ar y dyfodol, ac mae ei ddiddordebau yn cynnwys adeiladu byrnau gwellt, adeiladu o ddeunydd gwastraff, a chael ysbrydoliaeth o siapiau a ffurfiau byd natur.<\/p>\n<p>Ar hyn o bryd mae\u2019n Uwch-ddarlithydd ym mhynciau portffolio adeiladu yr Ysgol Pensaern\u00efaeth, Adeiladu a\u2019r Amgylchedd ym Mhrifysgol Cymru y Drindod Dewi Sant (PCYDDS). Mae Ian hefyd yn gefnogwr brwd o Straw Building UK (Straw Bale Building UK gynt), ac mae ganddo ddiddordeb arbennig mewn addysgu myfyrwyr y gall natur lywio dyluniad yn y dyfodol, a bod prosiectau ecoadeiladu yn ddewis cynaliadwy yn lle ddulliau adeiladu traddodiadol.<\/p>\n<p class=\"s3\"><a href=\"mailto:i.brown@uwtsd.ac.uk\"><span class=\"s13\">i.brown@uwtsd.ac.uk<\/span><\/a><\/p>\n<p class=\"s3\">\n\n\t\t<\/div>\n\t<\/div>\n<\/div><\/div><\/div><\/div>\n<\/div>","protected":false},"excerpt":{"rendered":"Sessions can be arranged on Thursdays. The Details Learners will be introduced to the concept of renewable technology, and the considerations associated with their implementation in the modern world. The main focus of the session will be on Mechanical Ventilation &hellip;","protected":false},"author":3,"featured_media":0,"parent":0,"menu_order":0,"comment_status":"closed","ping_status":"closed","template":"","meta":{"_exactmetrics_skip_tracking":false,"_exactmetrics_sitenote_active":false,"_exactmetrics_sitenote_note":"","_exactmetrics_sitenote_category":0,"footnotes":""},"class_list":["post-14556","page","type-page","status-publish","hentry"],"_links":{"self":[{"href":"https:\/\/cwic.wales\/cy\/wp-json\/wp\/v2\/pages\/14556","targetHints":{"allow":["GET"]}}],"collection":[{"href":"https:\/\/cwic.wales\/cy\/wp-json\/wp\/v2\/pages"}],"about":[{"href":"https:\/\/cwic.wales\/cy\/wp-json\/wp\/v2\/types\/page"}],"author":[{"embeddable":true,"href":"https:\/\/cwic.wales\/cy\/wp-json\/wp\/v2\/users\/3"}],"replies":[{"embeddable":true,"href":"https:\/\/cwic.wales\/cy\/wp-json\/wp\/v2\/comments?post=14556"}],"version-history":[{"count":7,"href":"https:\/\/cwic.wales\/cy\/wp-json\/wp\/v2\/pages\/14556\/revisions"}],"predecessor-version":[{"id":14831,"href":"https:\/\/cwic.wales\/cy\/wp-json\/wp\/v2\/pages\/14556\/revisions\/14831"}],"wp:attachment":[{"href":"https:\/\/cwic.wales\/cy\/wp-json\/wp\/v2\/media?parent=14556"}],"curies":[{"name":"wp","href":"https:\/\/api.w.org\/{rel}","templated":true}]}}