{"id":14515,"date":"2025-01-07T14:42:19","date_gmt":"2025-01-07T14:42:19","guid":{"rendered":"https:\/\/cwic.wales\/?page_id=14515"},"modified":"2025-05-16T14:56:49","modified_gmt":"2025-05-16T14:56:49","slug":"passive-solar-design","status":"publish","type":"page","link":"https:\/\/cwic.wales\/cy\/passive-solar-design\/","title":{"rendered":"Dylunio Solar Goddefol"},"content":{"rendered":"<div class=\"wpb-content-wrapper\"><div class=\"vc_row wpb_row vc_row-fluid\"><div class=\"wpb_column vc_column_container vc_col-sm-12\"><div class=\"vc_column-inner\"><div class=\"wpb_wrapper\">\n\t<div class=\"wpb_text_column wpb_content_element\" >\n\t\t<div class=\"wpb_wrapper\">\n\t\t\t<h4><img loading=\"lazy\" decoding=\"async\" class=\"size-medium wp-image-14632 alignright\" src=\"https:\/\/cwic.wales\/wp-content\/uploads\/2025\/02\/NBAU-Icons-for-Bakery-CYM-0439.png\" alt=\"\" width=\"300\" height=\"300\" srcset=\"https:\/\/cwic.wales\/wp-content\/uploads\/2025\/02\/NBAU-Icons-for-Bakery-CYM-0439.png 1182w, https:\/\/cwic.wales\/wp-content\/uploads\/2025\/02\/NBAU-Icons-for-Bakery-CYM-0439-300x300.png 300w, https:\/\/cwic.wales\/wp-content\/uploads\/2025\/02\/NBAU-Icons-for-Bakery-CYM-0439-1024x1024.png 1024w, https:\/\/cwic.wales\/wp-content\/uploads\/2025\/02\/NBAU-Icons-for-Bakery-CYM-0439-150x150.png 150w, https:\/\/cwic.wales\/wp-content\/uploads\/2025\/02\/NBAU-Icons-for-Bakery-CYM-0439-768x768.png 768w, https:\/\/cwic.wales\/wp-content\/uploads\/2025\/02\/NBAU-Icons-for-Bakery-CYM-0439-12x12.png 12w\" sizes=\"auto, (max-width: 300px) 100vw, 300px\" \/>Y Manylion<\/h4>\n<p style=\"font-weight: 400;\">Nod y modiwl hwn yw amlygu pwysigrwydd defnyddio golau dydd mewn lleoliadau trefol a phreswyl, gan geisio dangos y modd y gallwn gyflawni canlyniadau golau dydd gwell trwy ddylunio solar goddefol, sy'n rhan annatod o ddylunio pensaern\u00efol mewn prosiectau o bob maint.<\/p>\n<p style=\"font-weight: 400;\">Gall dyluniad solar goddefol bennu ystod eang o ffactorau, yn amrywio o enillion\/golledion solar o ran perfformiad ynni, opsiynau ynghylch ffenestri gwydr ar gyfer cysur preswylwyr ac effeithiau gofodol, yn ogystal \u00e2 rheoli potensial o ran gorboethi.<\/p>\n<p style=\"font-weight: 400;\">Heb ystyried y defnydd o olau dydd mewn cynllun, gall unrhyw un o'r ffactorau hyn greu gofod anghyfforddus ac anaddas o bosibl i'w ddefnyddwyr.<\/p>\n<p style=\"font-weight: 400;\">Gyda chymorth modelau ffisegol a mapio digidol, mae\u2019r modiwl yn trafod effeithiau\u2019r haul ar wahanol strydluniau trefol, a\u2019r strategaethau amrywiol y gellir eu defnyddio i reoli golau dydd mewn lleoliadau masnachol a phreswyl, a hefyd yn ystyried effaith yr haul ar amgylcheddau mewnol ac allanol.<\/p>\n<p style=\"font-weight: 400;\">Arweinir y sesiwn hon gan Elanor Alun, Uwch-ddarlithydd, Yr Ysgol Pensaern\u00efaeth, Adeiladu a'r Amgylchedd. <span data-markjs=\"true\">Ryan<\/span> <span data-markjs=\"true\">Stuckey<\/span>, Senior Lecturer, School of Architecture, Construction and Environment.<\/p>\n<h4 style=\"font-weight: 400;\"><strong>Amcanion Dysgu<\/strong><\/h4>\n<p style=\"font-weight: 400;\">Bydd y modiwl yn cyflwyno ac yn diffinio termau allweddol megis:<\/p>\n<ul>\n<li style=\"list-style-type: none;\">\n<ul style=\"font-weight: 400;\">\n<li>Golau naturiol<\/li>\n<li>Parthau cysur<\/li>\n<li>Cysgod<\/li>\n<li>Gogwydd adeiladau<\/li>\n<\/ul>\n<\/li>\n<\/ul>\n<div style=\"width: 640px;\" class=\"wp-video\"><video class=\"wp-video-shortcode\" id=\"video-14515-1\" width=\"640\" height=\"360\" preload=\"metadata\" controls=\"controls\"><source type=\"video\/mp4\" src=\"https:\/\/cwic.wales\/wp-content\/uploads\/2025\/05\/Ryan-Stuckey.mp4?_=1\" \/><a href=\"https:\/\/cwic.wales\/wp-content\/uploads\/2025\/05\/Ryan-Stuckey.mp4\">https:\/\/cwic.wales\/wp-content\/uploads\/2025\/05\/Ryan-Stuckey.mp4<\/a><\/video><\/div>\n<h4><strong>Gwybodaeth am Ryan<\/strong><\/h4>\n<figure class=\"wp-block-image size-medium\"><\/figure>\n<p><strong>Ryan A Stuckey<\/strong>\u00a0B.A.(Hons) Arch, PG Dip Arch, PG Dip (Prac), ARB, RSAW, RIBA<\/p>\n<p>Mae Ryan Stuckey yn bensaer a chanddo dros 25 mlynedd o brofiad fel ymarferydd a phartner yn Allan Stuckey Architects. Symudodd Ryan i fyd addysg bensaern\u00efol yn llawn-amser wyth mlynedd yn \u00f4l, gan ddechrau yn ei swydd fel Uwch-ddarlithydd yn yr Ysgol Pensaern\u00efaeth, Adeiladu a\u2019r Amgylchedd yn PCYDDS. Arbenigedd addysgu Ryan yw Ymarfer a Rheolaeth Broffesiynol, ac mae hefyd yn arwain stiwdio ddylunio yr ail flwyddyn, ac yn cefnogi myfyrwyr y drydedd flwyddyn gyda'u traethawd estynedig ar y Rhaglen Bensaern\u00efaeth Israddedig.<\/p>\n<p>Mae\u2019r ffaith iddo weithio fel ymarferydd yn rhoi cryfder a dyfnder gwybodaeth i arwain ein darpar benseiri, ac mae\u2019n credu \u201cy dylai penseiri edrych i\u2019r dyfodol gan gadw llygad ar y gorffennol\u201d, ac y gallwn ddysgu o hyn i adeiladu dyfodol gwerthfawr a chynaliadwy.<\/p>\n<p>Ac yntau'n Gyn-lywydd Cymdeithas Frenhinol y Penseiri yng Nghymru (RSAW), ac yn Aelod o Gyngor RIBA am 5 mlynedd, mae Ryan yn frwd dros gynnig cyfle i fyfyrwyr o Gymru astudio pensaern\u00efaeth yng Nghymru, gan ddarparu talent frodorol i gefnogi a datblygu arferion lleol wedi hynny.<\/p>\n<p><a href=\"mailto:r.stuckey@uwtsd.ac.uk\">r.stuckey@uwtsd.ac.uk<\/a><\/p>\n<p>&nbsp;<\/p>\n\n\t\t<\/div>\n\t<\/div>\n<\/div><\/div><\/div><\/div><\/div>","protected":false},"excerpt":{"rendered":"The Details The aim of this module is to highlight the importance of daylighting within urban and residential settings, aiming to demonstrate how we can achieve better daylighting outcomes through passive solar design, an integral part of architectural design for &hellip;","protected":false},"author":3,"featured_media":0,"parent":0,"menu_order":0,"comment_status":"closed","ping_status":"closed","template":"","meta":{"_exactmetrics_skip_tracking":false,"_exactmetrics_sitenote_active":false,"_exactmetrics_sitenote_note":"","_exactmetrics_sitenote_category":0,"footnotes":""},"class_list":["post-14515","page","type-page","status-publish","hentry"],"_links":{"self":[{"href":"https:\/\/cwic.wales\/cy\/wp-json\/wp\/v2\/pages\/14515","targetHints":{"allow":["GET"]}}],"collection":[{"href":"https:\/\/cwic.wales\/cy\/wp-json\/wp\/v2\/pages"}],"about":[{"href":"https:\/\/cwic.wales\/cy\/wp-json\/wp\/v2\/types\/page"}],"author":[{"embeddable":true,"href":"https:\/\/cwic.wales\/cy\/wp-json\/wp\/v2\/users\/3"}],"replies":[{"embeddable":true,"href":"https:\/\/cwic.wales\/cy\/wp-json\/wp\/v2\/comments?post=14515"}],"version-history":[{"count":11,"href":"https:\/\/cwic.wales\/cy\/wp-json\/wp\/v2\/pages\/14515\/revisions"}],"predecessor-version":[{"id":14827,"href":"https:\/\/cwic.wales\/cy\/wp-json\/wp\/v2\/pages\/14515\/revisions\/14827"}],"wp:attachment":[{"href":"https:\/\/cwic.wales\/cy\/wp-json\/wp\/v2\/media?parent=14515"}],"curies":[{"name":"wp","href":"https:\/\/api.w.org\/{rel}","templated":true}]}}