{"id":13682,"date":"2023-11-16T18:07:16","date_gmt":"2023-11-16T18:07:16","guid":{"rendered":"https:\/\/cwic.wales\/?page_id=13682"},"modified":"2024-11-06T09:24:52","modified_gmt":"2024-11-06T09:24:52","slug":"efficiency-without-compromise-a-passive-house-approach","status":"publish","type":"page","link":"https:\/\/cwic.wales\/cy\/efficiency-without-compromise-a-passive-house-approach\/","title":{"rendered":"Effeithlonrwydd Heb Gyfaddawd: Ymosodiad Passivhaus\u00a0"},"content":{"rendered":"<div class=\"wpb-content-wrapper\"><div class=\"vc_row wpb_row vc_row-fluid\"><div class=\"wpb_column vc_column_container vc_col-sm-8\"><div class=\"vc_column-inner\"><div class=\"wpb_wrapper\">\n\t<div  class=\"wpb_single_image wpb_content_element vc_align_left wpb_content_element\">\n\t\t\n\t\t<figure class=\"wpb_wrapper vc_figure\">\n\t\t\t<div class=\"vc_single_image-wrapper   vc_box_border_grey\"><img decoding=\"async\" class=\"vc_single_image-img\" src=\"https:\/\/cwic.wales\/wp-content\/uploads\/2023\/11\/Construct-Net-Zero-Cymru-Logo-250x150.jpg\" width=\"250\" height=\"150\" alt=\"Construct Net Zero Cymru Logo\" title=\"Construct Net Zero Cymru Logo\" loading=\"lazy\" \/><\/div>\n\t\t<\/figure>\n\t<\/div>\n\n\t<div class=\"wpb_text_column wpb_content_element\" >\n\t\t<div class=\"wpb_wrapper\">\n\t\t\t<p><span data-contrast=\"auto\">Mae Cyngor Sir Caerfyrddin wedi buddsoddi mewn adeiladu ysgolion newydd i safon Passivhaus. Mae 'Effeithlonrwydd Heb Gyfaddawd' yn canolbwyntio ar addysgu a hyrwyddo mwy o ymwybyddiaeth o'r egwyddorion a'r technegau a ddefnyddir wrth ddylunio, adeiladu a chynnal a chadw amrywiaeth o gynlluniau Passivhaus cyfredol yn Sir Gaerfyrddin.<\/span><span data-ccp-props=\"{&quot;201341983&quot;:0,&quot;335559739&quot;:160,&quot;335559740&quot;:259}\">\u00a0<\/span><\/p>\n<p><span data-contrast=\"auto\">Bydd y rhaglen hyfforddi yn ymdrin ag amrywiaeth o bynciau, gan gynnwys gwyddor adeiladu, effeithlonrwydd ynni, aerglosrwydd, awyru, inswleiddio, a dylunio solar goddefol, a gyflwynir trwy weithgareddau damcaniaethol a rhai gweithgareddau ymarferol. <\/span><\/p>\n<p><span data-contrast=\"auto\">Bydd y rhaglen yn cynnwys darlithoedd, gweminarau ac arddangosiad o astudiaethau achos rhanbarthol cyfredol.\u00a0 \u00a0<\/span><\/p>\n<p><span data-contrast=\"auto\">Bydd yr hyfforddiant a ariennir yn llawn yn cynnwys:<\/span><span data-ccp-props=\"{&quot;201341983&quot;:0,&quot;335559739&quot;:160,&quot;335559740&quot;:259}\">\u00a0<\/span><\/p>\n<ul>\n<li><b><span data-contrast=\"auto\"> Passivhaus i Grefftwyr<\/span><\/b><\/li>\n<li><b><span data-contrast=\"auto\"> Passivhaus i Ddylunwyr<\/span><\/b><\/li>\n<li><b><span data-contrast=\"auto\"> Passivhaus ar gyfer Ymarfer\/Cynnal a Chadw (Newydd)<\/span><\/b><\/li>\n<\/ul>\n<p><span data-contrast=\"auto\">Bydd yr hyfforddiant yn cynnwys defnyddio meddalwedd modelu ynni a phrofion aerglosrwydd i helpu cyfranogwyr i ddeall a gwella perfformiad ynni'r adeiladau hyn.<\/span><span data-ccp-props=\"{&quot;201341983&quot;:0,&quot;335559739&quot;:160,&quot;335559740&quot;:259}\">\u00a0<\/span><\/p>\n<p><span data-contrast=\"auto\">Yn ogystal \u00e2'r agweddau technegol, bydd y rhaglen hyfforddi hefyd yn ymdrin \u00e2 manteision cymdeithasol ac economaidd adeiladu adeiladau ynni-effeithlon, megis gwell iechyd a lles, biliau ynni is, \u00f4l troed amgylcheddol a hyrwyddo datblygu cynaliadwy.<\/span><span data-ccp-props=\"{&quot;201341983&quot;:0,&quot;335559739&quot;:160,&quot;335559740&quot;:259}\">\u00a0<\/span><\/p>\n<p><span data-contrast=\"auto\"><strong>Ar gyfer pwy y mae hyn?<\/strong><br \/>\nRydym yn croesawu ceisiadau gan y grwpiau canlynol sy'n byw yn Sir Gaerfyrddin neu a allai fod yn gweithio ar brosiectau yn Sir Gaerfyrddin.\u00a0<\/span><\/p>\n<ul>\n<li><span data-contrast=\"auto\">Penseiri a Pheirianwyr<\/span><\/li>\n<li><span data-contrast=\"auto\"> Crefftwyr a Chontractwyr <\/span><\/li>\n<li><span data-contrast=\"auto\">Staff Rheoli Cyfleusterau <\/span><\/li>\n<li><span data-contrast=\"auto\">Arolygwyr Adeiladau <\/span><\/li>\n<li><span data-contrast=\"auto\">Myfyrwyr Addysg Bellach ac Addysg Uwch <\/span><\/li>\n<li><span data-contrast=\"auto\">Community Groups.<\/span><\/li>\n<\/ul>\n\n\t\t<\/div>\n\t<\/div>\n<div class=\"vc_row wpb_row vc_inner vc_row-fluid\"><div class=\"wpb_column vc_column_container vc_col-sm-12\"><div class=\"vc_column-inner\"><div class=\"wpb_wrapper\">\n\t<div class=\"wpb_text_column wpb_content_element\" >\n\t\t<div class=\"wpb_wrapper\">\n\t\t\t<p>Mewn partneriaeth \u00e2<\/p>\n<p><img loading=\"lazy\" decoding=\"async\" class=\"alignnone wp-image-13982 size-thumbnail\" src=\"https:\/\/cwic.wales\/wp-content\/uploads\/2024\/03\/Coaction_Logo_Mark_Lock-up_Black_Clear-Space-150x128.png\" alt=\"\" width=\"150\" height=\"128\" srcset=\"https:\/\/cwic.wales\/wp-content\/uploads\/2024\/03\/Coaction_Logo_Mark_Lock-up_Black_Clear-Space-150x128.png 150w, https:\/\/cwic.wales\/wp-content\/uploads\/2024\/03\/Coaction_Logo_Mark_Lock-up_Black_Clear-Space-300x256.png 300w, https:\/\/cwic.wales\/wp-content\/uploads\/2024\/03\/Coaction_Logo_Mark_Lock-up_Black_Clear-Space-1024x872.png 1024w, https:\/\/cwic.wales\/wp-content\/uploads\/2024\/03\/Coaction_Logo_Mark_Lock-up_Black_Clear-Space-768x654.png 768w, https:\/\/cwic.wales\/wp-content\/uploads\/2024\/03\/Coaction_Logo_Mark_Lock-up_Black_Clear-Space-1536x1309.png 1536w, https:\/\/cwic.wales\/wp-content\/uploads\/2024\/03\/Coaction_Logo_Mark_Lock-up_Black_Clear-Space-14x12.png 14w, https:\/\/cwic.wales\/wp-content\/uploads\/2024\/03\/Coaction_Logo_Mark_Lock-up_Black_Clear-Space.png 1844w\" sizes=\"auto, (max-width: 150px) 100vw, 150px\" \/><img loading=\"lazy\" decoding=\"async\" class=\"alignnone wp-image-13983 size-thumbnail\" src=\"https:\/\/cwic.wales\/wp-content\/uploads\/2024\/03\/Passivhaus-Trust-logo-2012-1-150x130.jpg\" alt=\"\" width=\"150\" height=\"130\" srcset=\"https:\/\/cwic.wales\/wp-content\/uploads\/2024\/03\/Passivhaus-Trust-logo-2012-1-150x130.jpg 150w, https:\/\/cwic.wales\/wp-content\/uploads\/2024\/03\/Passivhaus-Trust-logo-2012-1-300x261.jpg 300w, https:\/\/cwic.wales\/wp-content\/uploads\/2024\/03\/Passivhaus-Trust-logo-2012-1-1024x891.jpg 1024w, https:\/\/cwic.wales\/wp-content\/uploads\/2024\/03\/Passivhaus-Trust-logo-2012-1-768x668.jpg 768w, https:\/\/cwic.wales\/wp-content\/uploads\/2024\/03\/Passivhaus-Trust-logo-2012-1-1536x1336.jpg 1536w, https:\/\/cwic.wales\/wp-content\/uploads\/2024\/03\/Passivhaus-Trust-logo-2012-1-2048x1782.jpg 2048w, https:\/\/cwic.wales\/wp-content\/uploads\/2024\/03\/Passivhaus-Trust-logo-2012-1-14x12.jpg 14w\" sizes=\"auto, (max-width: 150px) 100vw, 150px\" \/><\/p>\n\n\t\t<\/div>\n\t<\/div>\n<\/div><\/div><\/div><\/div><div class=\"vc_row wpb_row vc_inner vc_row-fluid\"><div class=\"wpb_column vc_column_container vc_col-sm-4\"><div class=\"vc_column-inner\"><div class=\"wpb_wrapper\">\n\t<div  class=\"wpb_single_image wpb_content_element vc_align_left wpb_content_element\">\n\t\t\n\t\t<figure class=\"wpb_wrapper vc_figure\">\n\t\t\t<div class=\"vc_single_image-wrapper   vc_box_border_grey\"><img loading=\"lazy\" decoding=\"async\" width=\"150\" height=\"105\" src=\"https:\/\/cwic.wales\/wp-content\/uploads\/2024\/08\/Funded-by-WG_Bilingual-002-150x105.png\" class=\"vc_single_image-img attachment-thumbnail\" alt=\"\" title=\"Funded by WG_Bilingual (002)\" srcset=\"https:\/\/cwic.wales\/wp-content\/uploads\/2024\/08\/Funded-by-WG_Bilingual-002-150x105.png 150w, https:\/\/cwic.wales\/wp-content\/uploads\/2024\/08\/Funded-by-WG_Bilingual-002-300x211.png 300w, https:\/\/cwic.wales\/wp-content\/uploads\/2024\/08\/Funded-by-WG_Bilingual-002-1024x719.png 1024w, https:\/\/cwic.wales\/wp-content\/uploads\/2024\/08\/Funded-by-WG_Bilingual-002-768x539.png 768w, https:\/\/cwic.wales\/wp-content\/uploads\/2024\/08\/Funded-by-WG_Bilingual-002-18x12.png 18w, https:\/\/cwic.wales\/wp-content\/uploads\/2024\/08\/Funded-by-WG_Bilingual-002.png 1324w\" sizes=\"auto, (max-width: 150px) 100vw, 150px\" \/><\/div>\n\t\t<\/figure>\n\t<\/div>\n<\/div><\/div><\/div><div class=\"wpb_column vc_column_container vc_col-sm-4\"><div class=\"vc_column-inner\"><div class=\"wpb_wrapper\">\n\t<div  class=\"wpb_single_image wpb_content_element vc_align_left wpb_content_element\">\n\t\t\n\t\t<figure class=\"wpb_wrapper vc_figure\">\n\t\t\t<div class=\"vc_single_image-wrapper   vc_box_border_grey\"><img loading=\"lazy\" decoding=\"async\" width=\"150\" height=\"141\" src=\"https:\/\/cwic.wales\/wp-content\/uploads\/2023\/11\/CCC-supported-by-1-150x141.png\" class=\"vc_single_image-img attachment-thumbnail\" alt=\"\" title=\"CCC-supported-by (1)\" srcset=\"https:\/\/cwic.wales\/wp-content\/uploads\/2023\/11\/CCC-supported-by-1-150x141.png 150w, https:\/\/cwic.wales\/wp-content\/uploads\/2023\/11\/CCC-supported-by-1-300x281.png 300w, https:\/\/cwic.wales\/wp-content\/uploads\/2023\/11\/CCC-supported-by-1-13x12.png 13w, https:\/\/cwic.wales\/wp-content\/uploads\/2023\/11\/CCC-supported-by-1.png 662w\" sizes=\"auto, (max-width: 150px) 100vw, 150px\" \/><\/div>\n\t\t<\/figure>\n\t<\/div>\n<\/div><\/div><\/div><\/div><\/div><\/div><\/div><div class=\"wpb_column vc_column_container vc_col-sm-4\"><div class=\"vc_column-inner\"><div class=\"wpb_wrapper\">\n\t<div  class=\"wpb_single_image wpb_content_element vc_align_center wpb_content_element\">\n\t\t\n\t\t<figure class=\"wpb_wrapper vc_figure\">\n\t\t\t<div class=\"vc_single_image-wrapper   vc_box_border_grey\"><img decoding=\"async\" class=\"vc_single_image-img\" src=\"https:\/\/cwic.wales\/wp-content\/uploads\/2024\/10\/2024-PHT-endorsed-training_Introductory-V2-200x200.png\" width=\"200\" height=\"200\" alt=\"2024-PHT-endorsed-training_Introductory-V2\" title=\"2024-PHT-endorsed-training_Introductory-V2\" loading=\"lazy\" \/><\/div>\n\t\t<\/figure>\n\t<\/div>\n\n\t<div class=\"wpb_text_column wpb_content_element vc_custom_1730885054556\" >\n\t\t<div class=\"wpb_wrapper\">\n\t\t\t<blockquote>\n<h3 style=\"text-align: left;\">NEW COURSES FOR RETROFIT<\/h3>\n<\/blockquote>\n<p style=\"text-align: left;\">Following the successful delivery of the Certified Passivhaus (PH) Designer course and PH Tradespersons courses held recently we have a new 3 day, Passivhaus Trust endorsed course available.<\/p>\n<p style=\"text-align: left;\">ERFIT (Enhanced Retrofit Fabric Improvements Training) is a blend of online training and in-person practical training.<\/p>\n<p style=\"text-align: left;\">Topics include.<\/p>\n<ul>\n<li style=\"text-align: left;\">Cyflwyniad i egwyddorion Passivhaus<\/li>\n<li style=\"text-align: left;\">Dylunio adeiladau effeithlon o ran ynni<\/li>\n<li style=\"text-align: left;\">Inswleiddiad thermol<\/li>\n<li style=\"text-align: left;\">Aerglosrwydd<\/li>\n<li style=\"text-align: left;\">Strategaethau awyru, a<\/li>\n<li style=\"text-align: left;\">Modelu ynni sylfaenol.<\/li>\n<\/ul>\n<h4>I gael rhagor o wybodaeth ac i gofrestru eich diddordeb <a href=\"https:\/\/app.smartsheet.com\/b\/form\/63d12b8157e94fa09200e16ffbf5a7f5\">dilynwch y ddolen hon.<\/a><\/h4>\n<p style=\"text-align: left;\">Os oes gennych unrhyw gwestiynau am yr Hyfforddiant Passivhaus cysylltwch \u00e2 <a href=\"mailto:julie.evans@uwtsd.ac.uk\">julie.evans@uwtsd.ac.uk.<\/a><\/p>\n\n\t\t<\/div>\n\t<\/div>\n\n\t<div  class=\"wpb_single_image wpb_content_element vc_align_center wpb_content_element\">\n\t\t\n\t\t<figure class=\"wpb_wrapper vc_figure\">\n\t\t\t<div class=\"vc_single_image-wrapper   vc_box_border_grey\"><img decoding=\"async\" class=\"vc_single_image-img\" src=\"https:\/\/cwic.wales\/wp-content\/uploads\/2023\/11\/Gorslas-copy-350x250.jpg\" width=\"350\" height=\"250\" alt=\"Agoriad Ysgol Gorslas Opening\" title=\"Agoriad Ysgol Gorslas Opening\" loading=\"lazy\" \/><\/div><figcaption class=\"vc_figure-caption\">Agoriad Ysgol Gorslas Opening<\/figcaption>\n\t\t<\/figure>\n\t<\/div>\n<\/div><\/div><\/div><\/div>\n<\/div>","protected":false},"excerpt":{"rendered":"Carmarthenshire County Council have invested in building new schools to the Passivhaus standard.\u00a0 Efficiency without compromise focuses on educating and promoting a greater awareness of the principles and techniques used in the design, construction, and maintenance of a variety of &hellip;","protected":false},"author":3,"featured_media":0,"parent":0,"menu_order":0,"comment_status":"closed","ping_status":"closed","template":"","meta":{"_exactmetrics_skip_tracking":false,"_exactmetrics_sitenote_active":false,"_exactmetrics_sitenote_note":"","_exactmetrics_sitenote_category":0,"footnotes":""},"class_list":["post-13682","page","type-page","status-publish","hentry"],"_links":{"self":[{"href":"https:\/\/cwic.wales\/cy\/wp-json\/wp\/v2\/pages\/13682","targetHints":{"allow":["GET"]}}],"collection":[{"href":"https:\/\/cwic.wales\/cy\/wp-json\/wp\/v2\/pages"}],"about":[{"href":"https:\/\/cwic.wales\/cy\/wp-json\/wp\/v2\/types\/page"}],"author":[{"embeddable":true,"href":"https:\/\/cwic.wales\/cy\/wp-json\/wp\/v2\/users\/3"}],"replies":[{"embeddable":true,"href":"https:\/\/cwic.wales\/cy\/wp-json\/wp\/v2\/comments?post=13682"}],"version-history":[{"count":65,"href":"https:\/\/cwic.wales\/cy\/wp-json\/wp\/v2\/pages\/13682\/revisions"}],"predecessor-version":[{"id":14445,"href":"https:\/\/cwic.wales\/cy\/wp-json\/wp\/v2\/pages\/13682\/revisions\/14445"}],"wp:attachment":[{"href":"https:\/\/cwic.wales\/cy\/wp-json\/wp\/v2\/media?parent=13682"}],"curies":[{"name":"wp","href":"https:\/\/api.w.org\/{rel}","templated":true}]}}